{"id":4515,"date":"2020-04-26T20:14:12","date_gmt":"2020-04-26T23:14:12","guid":{"rendered":"https:\/\/4eversongs.com\/wpbox\/?page_id=4515"},"modified":"2020-05-15T20:25:42","modified_gmt":"2020-05-15T23:25:42","slug":"player-optins-test","status":"publish","type":"page","link":"https:\/\/4eversongs.com\/wpbox\/player-optins-test\/","title":{"rendered":"Grandes Bandas &#8211; Legado"},"content":{"rendered":"<p>[vc_row][vc_column][vc_column_text]<\/p>\n<p align=\"center\"><strong><span style=\"font-size: large;\">Ol\u00e1, amigos, sejam bem-vindos!<\/span><\/strong><\/p>\n<table border=\"0\" width=\"100%\">\n<tbody>\n<tr>\n<td><\/td>\n<td width=\"1585\">\n<p style=\"box-sizing: border-box; font-size: 14px; font-family: Aclonica, Helvetica, Arial, sans-serif; white-space: normal; word-spacing: 0px; text-transform: none; font-weight: 400; color: #01ffe4; font-style: normal; orphans: 2; widows: 2; margin: 0px 0px 10px; letter-spacing: normal; background-color: #000000; text-indent: 0px; font-variant-ligatures: normal; font-variant-caps: normal; -webkit-text-stroke-width: 0px; text-decoration-style: initial; text-decoration-color: initial;\">Houve um tempo, h\u00e1 d\u00e9cadas, que grandes bandas alcan\u00e7aram enorme sucesso com m\u00fasicas que s\u00e3o lembradas sempre. Criaram baladas lindas, inesquec\u00edveis, que ainda nos tocam a sensibilidade hoje em dia. Para livrar o player de todos os \u00edcones de comando, exibindo imagem limpa e maior, clique play (ao centro), depois v\u00e1 ao canto superior direito e clique no \u00edcone \u201cesconder playlist\u201d e afaste o mouse. Em 3 segundos a imagem ficar\u00e1 plena. Curtam bastante. Obrigado pela visita e voltem sempre.<\/p>\n<p style=\"box-sizing: border-box; font-size: 14px; font-family: Aclonica, Helvetica, Arial, sans-serif; white-space: normal; word-spacing: 0px; text-transform: none; font-weight: 400; color: #01ffe4; font-style: normal; orphans: 2; widows: 2; margin: 0px 0px 10px; letter-spacing: normal; background-color: #000000; text-indent: 0px; font-variant-ligatures: normal; font-variant-caps: normal; -webkit-text-stroke-width: 0px; text-decoration-style: initial; text-decoration-color: initial;\">\u201c4EverSongs \u2013 A r\u00e1dio que toca lembran\u00e7as!\u201d<\/p>\n<\/td>\n<\/tr>\n<\/tbody>\n<\/table>\n<p>&nbsp;<\/p>\n<div class=\"Elite_video_player\" id=\"14\" ><div id=\"elite_options\" style=\"display:none;\">{\"id\":\"14\",\"instanceName\":\"Grandes Bandas - Legado\",\"videos\":[{\"videoType\":\"youtube\",\"prerollAD\":\"no\",\"prerollGotoLink\":\"prerollGotoLink\",\"preroll_mp4\":\"preroll_mp4\",\"prerollSkipTimer\":\"prerollSkipTimer\",\"midrollAD\":\"no\",\"midrollAD_displayTime\":\"midrollAD_displayTime\",\"midrollGotoLink\":\"midrollGotoLink\",\"midroll_mp4\":\"midroll_mp4\",\"midrollSkipTimer\":\"midrollSkipTimer\",\"postrollAD\":\"no\",\"postrollGotoLink\":\"postrollGotoLink\",\"postroll_mp4\":\"postroll_mp4\",\"postrollSkipTimer\":\"postrollSkipTimer\",\"popupAdShow\":\"no\",\"popupImg\":\"popupImg\",\"popupAdStartTime\":\"popupAdStartTime\",\"popupAdEndTime\":\"popupAdEndTime\",\"popupAdGoToLink\":\"popupAdGoToLink\"},{\"videoType\":\"youtube\",\"prerollAD\":\"no\",\"prerollGotoLink\":\"prerollGotoLink\",\"preroll_mp4\":\"preroll_mp4\",\"prerollSkipTimer\":\"prerollSkipTimer\",\"midrollAD\":\"no\",\"midrollAD_displayTime\":\"midrollAD_displayTime\",\"midrollGotoLink\":\"midrollGotoLink\",\"midroll_mp4\":\"midroll_mp4\",\"midrollSkipTimer\":\"midrollSkipTimer\",\"postrollAD\":\"no\",\"postrollGotoLink\":\"postrollGotoLink\",\"postroll_mp4\":\"postroll_mp4\",\"postrollSkipTimer\":\"postrollSkipTimer\",\"popupAdShow\":\"no\",\"popupImg\":\"popupImg\",\"popupAdStartTime\":\"popupAdStartTime\",\"popupAdEndTime\":\"popupAdEndTime\",\"popupAdGoToLink\":\"popupAdGoToLink\"},{\"videoType\":\"youtube\",\"prerollAD\":\"no\",\"prerollGotoLink\":\"prerollGotoLink\",\"preroll_mp4\":\"preroll_mp4\",\"prerollSkipTimer\":\"prerollSkipTimer\",\"midrollAD\":\"no\",\"midrollAD_displayTime\":\"midrollAD_displayTime\",\"midrollGotoLink\":\"midrollGotoLink\",\"midroll_mp4\":\"midroll_mp4\",\"midrollSkipTimer\":\"midrollSkipTimer\",\"postrollAD\":\"no\",\"postrollGotoLink\":\"postrollGotoLink\",\"postroll_mp4\":\"postroll_mp4\",\"postrollSkipTimer\":\"postrollSkipTimer\",\"popupAdShow\":\"no\",\"popupImg\":\"popupImg\",\"popupAdStartTime\":\"popupAdStartTime\",\"popupAdEndTime\":\"popupAdEndTime\",\"popupAdGoToLink\":\"popupAdGoToLink\"},{\"videoType\":\"youtube\",\"prerollAD\":\"no\",\"prerollGotoLink\":\"prerollGotoLink\",\"preroll_mp4\":\"preroll_mp4\",\"prerollSkipTimer\":\"prerollSkipTimer\",\"midrollAD\":\"no\",\"midrollAD_displayTime\":\"midrollAD_displayTime\",\"midrollGotoLink\":\"midrollGotoLink\",\"midroll_mp4\":\"midroll_mp4\",\"midrollSkipTimer\":\"midrollSkipTimer\",\"postrollAD\":\"no\",\"postrollGotoLink\":\"postrollGotoLink\",\"postroll_mp4\":\"postroll_mp4\",\"postrollSkipTimer\":\"postrollSkipTimer\",\"popupAdShow\":\"no\",\"popupImg\":\"popupImg\",\"popupAdStartTime\":\"popupAdStartTime\",\"popupAdEndTime\":\"popupAdEndTime\",\"popupAdGoToLink\":\"popupAdGoToLink\"},{\"videoType\":\"youtube\",\"prerollAD\":\"no\",\"prerollGotoLink\":\"prerollGotoLink\",\"preroll_mp4\":\"preroll_mp4\",\"prerollSkipTimer\":\"prerollSkipTimer\",\"midrollAD\":\"no\",\"midrollAD_displayTime\":\"midrollAD_displayTime\",\"midrollGotoLink\":\"midrollGotoLink\",\"midroll_mp4\":\"midroll_mp4\",\"midrollSkipTimer\":\"midrollSkipTimer\",\"postrollAD\":\"no\",\"postrollGotoLink\":\"postrollGotoLink\",\"postroll_mp4\":\"postroll_mp4\",\"postrollSkipTimer\":\"postrollSkipTimer\",\"popupAdShow\":\"no\",\"popupImg\":\"popupImg\",\"popupAdStartTime\":\"popupAdStartTime\",\"popupAdEndTime\":\"popupAdEndTime\",\"popupAdGoToLink\":\"popupAdGoToLink\"},{\"videoType\":\"youtube\",\"prerollAD\":\"no\",\"prerollGotoLink\":\"prerollGotoLink\",\"preroll_mp4\":\"preroll_mp4\",\"prerollSkipTimer\":\"prerollSkipTimer\",\"midrollAD\":\"no\",\"midrollAD_displayTime\":\"midrollAD_displayTime\",\"midrollGotoLink\":\"midrollGotoLink\",\"midroll_mp4\":\"midroll_mp4\",\"midrollSkipTimer\":\"midrollSkipTimer\",\"postrollAD\":\"no\",\"postrollGotoLink\":\"postrollGotoLink\",\"postroll_mp4\":\"postroll_mp4\",\"postrollSkipTimer\":\"postrollSkipTimer\",\"popupAdShow\":\"no\",\"popupImg\":\"popupImg\",\"popupAdStartTime\":\"popupAdStartTime\",\"popupAdEndTime\":\"popupAdEndTime\",\"popupAdGoToLink\":\"popupAdGoToLink\"},{\"videoType\":\"youtube\",\"prerollAD\":\"no\",\"prerollGotoLink\":\"prerollGotoLink\",\"preroll_mp4\":\"preroll_mp4\",\"prerollSkipTimer\":\"prerollSkipTimer\",\"midrollAD\":\"no\",\"midrollAD_displayTime\":\"midrollAD_displayTime\",\"midrollGotoLink\":\"midrollGotoLink\",\"midroll_mp4\":\"midroll_mp4\",\"midrollSkipTimer\":\"midrollSkipTimer\",\"postrollAD\":\"no\",\"postrollGotoLink\":\"postrollGotoLink\",\"postroll_mp4\":\"postroll_mp4\",\"postrollSkipTimer\":\"postrollSkipTimer\",\"popupAdShow\":\"no\",\"popupImg\":\"popupImg\",\"popupAdStartTime\":\"popupAdStartTime\",\"popupAdEndTime\":\"popupAdEndTime\",\"popupAdGoToLink\":\"popupAdGoToLink\"},{\"videoType\":\"youtube\",\"prerollAD\":\"no\",\"prerollGotoLink\":\"prerollGotoLink\",\"preroll_mp4\":\"preroll_mp4\",\"prerollSkipTimer\":\"prerollSkipTimer\",\"midrollAD\":\"no\",\"midrollAD_displayTime\":\"midrollAD_displayTime\",\"midrollGotoLink\":\"midrollGotoLink\",\"midroll_mp4\":\"midroll_mp4\",\"midrollSkipTimer\":\"midrollSkipTimer\",\"postrollAD\":\"no\",\"postrollGotoLink\":\"postrollGotoLink\",\"postroll_mp4\":\"postroll_mp4\",\"postrollSkipTimer\":\"postrollSkipTimer\",\"popupAdShow\":\"no\",\"popupImg\":\"popupImg\",\"popupAdStartTime\":\"popupAdStartTime\",\"popupAdEndTime\":\"popupAdEndTime\",\"popupAdGoToLink\":\"popupAdGoToLink\"},{\"videoType\":\"youtube\",\"prerollAD\":\"no\",\"prerollGotoLink\":\"prerollGotoLink\",\"preroll_mp4\":\"preroll_mp4\",\"prerollSkipTimer\":\"prerollSkipTimer\",\"midrollAD\":\"no\",\"midrollAD_displayTime\":\"midrollAD_displayTime\",\"midrollGotoLink\":\"midrollGotoLink\",\"midroll_mp4\":\"midroll_mp4\",\"midrollSkipTimer\":\"midrollSkipTimer\",\"postrollAD\":\"no\",\"postrollGotoLink\":\"postrollGotoLink\",\"postroll_mp4\":\"postroll_mp4\",\"postrollSkipTimer\":\"postrollSkipTimer\",\"popupAdShow\":\"no\",\"popupImg\":\"popupImg\",\"popupAdStartTime\":\"popupAdStartTime\",\"popupAdEndTime\":\"popupAdEndTime\",\"popupAdGoToLink\":\"popupAdGoToLink\"},{\"videoType\":\"youtube\",\"prerollAD\":\"no\",\"prerollGotoLink\":\"prerollGotoLink\",\"preroll_mp4\":\"preroll_mp4\",\"prerollSkipTimer\":\"prerollSkipTimer\",\"midrollAD\":\"no\",\"midrollAD_displayTime\":\"midrollAD_displayTime\",\"midrollGotoLink\":\"midrollGotoLink\",\"midroll_mp4\":\"midroll_mp4\",\"midrollSkipTimer\":\"midrollSkipTimer\",\"postrollAD\":\"no\",\"postrollGotoLink\":\"postrollGotoLink\",\"postroll_mp4\":\"postroll_mp4\",\"postrollSkipTimer\":\"postrollSkipTimer\",\"popupAdShow\":\"no\",\"popupImg\":\"popupImg\",\"popupAdStartTime\":\"popupAdStartTime\",\"popupAdEndTime\":\"popupAdEndTime\",\"popupAdGoToLink\":\"popupAdGoToLink\"},{\"videoType\":\"youtube\",\"prerollAD\":\"no\",\"prerollGotoLink\":\"prerollGotoLink\",\"preroll_mp4\":\"preroll_mp4\",\"prerollSkipTimer\":\"prerollSkipTimer\",\"midrollAD\":\"no\",\"midrollAD_displayTime\":\"midrollAD_displayTime\",\"midrollGotoLink\":\"midrollGotoLink\",\"midroll_mp4\":\"midroll_mp4\",\"midrollSkipTimer\":\"midrollSkipTimer\",\"postrollAD\":\"no\",\"postrollGotoLink\":\"postrollGotoLink\",\"postroll_mp4\":\"postroll_mp4\",\"postrollSkipTimer\":\"postrollSkipTimer\",\"popupAdShow\":\"no\",\"popupImg\":\"popupImg\",\"popupAdStartTime\":\"popupAdStartTime\",\"popupAdEndTime\":\"popupAdEndTime\",\"popupAdGoToLink\":\"popupAdGoToLink\"},{\"videoType\":\"youtube\",\"prerollAD\":\"no\",\"prerollGotoLink\":\"prerollGotoLink\",\"preroll_mp4\":\"preroll_mp4\",\"prerollSkipTimer\":\"prerollSkipTimer\",\"midrollAD\":\"no\",\"midrollAD_displayTime\":\"midrollAD_displayTime\",\"midrollGotoLink\":\"midrollGotoLink\",\"midroll_mp4\":\"midroll_mp4\",\"midrollSkipTimer\":\"midrollSkipTimer\",\"postrollAD\":\"no\",\"postrollGotoLink\":\"postrollGotoLink\",\"postroll_mp4\":\"postroll_mp4\",\"postrollSkipTimer\":\"postrollSkipTimer\",\"popupAdShow\":\"no\",\"popupImg\":\"popupImg\",\"popupAdStartTime\":\"popupAdStartTime\",\"popupAdEndTime\":\"popupAdEndTime\",\"popupAdGoToLink\":\"popupAdGoToLink\"}],\"googleAnalyticsTrackingCode\":\"\",\"instanceTheme\":\"dark\",\"playerLayout\":\"fitToContainer\",\"videoPlayerWidth\":\"1006\",\"videoPlayerHeight\":\"420\",\"videoRatio\":\"1.7777777777777777\",\"videoRatioStretch\":\"false\",\"iOSPlaysinline\":\"true\",\"floatPlayerOutsideViewport\":\"false\",\"videoPlayerShadow\":\"off\",\"colorAccent\":\"#04d1a8\",\"posterImg\":\"\",\"posterImgOnVideoFinish\":\"\",\"allowSkipAd\":\"true\",\"showAdvertiserName\":\"true\",\"advertiserName\":\"visitAdvertiser.com\",\"lightBox\":\"false\",\"lightBoxAutoplay\":\"false\",\"lightBoxThumbnail\":\"\",\"lightBoxThumbnailWidth\":\"1006\",\"lightBoxThumbnailHeight\":\"420\",\"lightBoxCloseOnOutsideClick\":\"true\",\"onFinish\":\"Play next video\",\"autoplay\":\"false\",\"loadRandomVideoOnStart\":\"No\",\"shuffle\":\"No\",\"playlist\":\"Bottom playlist\",\"playlistBehaviourOnPageload\":\"opened (default)\",\"playlistScrollType\":\"3d-dark\",\"ccShowOnHTML5Videos\":\"true\",\"ccShowOnVideoLoad\":\"true\",\"ccBtnOpenedTooltipTxt\":\"Hide captions\",\"ccBtnClosedTooltipTxt\":\"Show captions\",\"HTML5VideoQuality\":\"HD\",\"preloadSelfHosted\":\"none\",\"hideVideoSource\":\"false\",\"rightClickMenu\":\"true\",\"youtubeControls\":\"custom controls\",\"youtubeSkin\":\"dark\",\"youtubeColor\":\"red\",\"youtubeQuality\":\"small\",\"youtubeShowRelatedVideos\":\"No\",\"vimeoColor\":\"#00adef\",\"showGlobalPrerollAds\":\"false\",\"globalPrerollAds\":\"url1;url2;url3;url4;url5\",\"globalPrerollAdsSkipTimer\":\"5\",\"globalPrerollAdsGotoLink\":\"http:\\\/\\\/codecanyon.net\\\/\",\"nowPlayingText\":\"Yes\",\"rewindShow\":\"Yes\",\"qualityShow\":\"Yes\",\"infoShow\":\"Yes\",\"shareShow\":\"Yes\",\"facebookShow\":\"Yes\",\"twitterShow\":\"Yes\",\"facebookShareName\":\"Elite video player\",\"facebookShareLink\":\"http:\\\/\\\/codecanyon.net\\\/item\\\/elite-video-player-wordpress-plugin\\\/10496434\",\"facebookShareDescription\":\"Elite Video Player is stunning, modern, responsive, fully customisable high-end video player for WordPress that support advertising and the most popular video platforms like YouTube, Vimeo or self-hosting videos (mp4).\",\"facebookSharePicture\":\"\",\"twitterText\":\"4EverSongs\",\"twitterLink\":\"http:\\\/\\\/codecanyon.net\\\/item\\\/elite-video-player-wordpress-plugin\\\/10496434\",\"twitterHashtags\":\"wordpressvideoplayer\",\"twitterVia\":\"4EverSongs\",\"embedShow\":\"Yes\",\"embedCodeSrc\":\"http:\\\/\\\/yourwebsite.com\\\/embed\\\/index.html\",\"embedCodeW\":\"746\",\"embedCodeH\":\"420\",\"embedShareLink\":\"http:\\\/\\\/codecanyon.net\\\/\",\"showAllControls\":\"true\",\"autohideControls\":\"2\",\"hideControlsOnMouseOut\":\"No\",\"logoShow\":\"Yes\",\"logoPath\":\"https:\\\/\\\/4eversongs.com\\\/logo_4es.jpg\",\"logoPosition\":\"bottom-left\",\"logoClickable\":\"No\",\"logoGoToLink\":\"http:\\\/\\\/codecanyon.net\\\/\",\"advertisementTitle\":\"An\\u00fancio\",\"skipAdvertisementText\":\"Pular an\\u00fancio\",\"skipAdText\":\"Voc\\u00ea pode pular este an\\u00fancio em\",\"playBtnTooltipTxt\":\"Play\",\"pauseBtnTooltipTxt\":\"Pausar\",\"rewindBtnTooltipTxt\":\"Retornar\",\"downloadVideoBtnTooltipTxt\":\"Download video\",\"qualityBtnOpenedTooltipTxt\":\"Fechar Configura\\u00e7\\u00f5es\",\"qualityBtnClosedTooltipTxt\":\"Configura\\u00e7\\u00f5es\",\"muteBtnTooltipTxt\":\"Parar som\",\"unmuteBtnTooltipTxt\":\"Ligar som\",\"mutedNotificationText\":\" sem som\",\"fullscreenBtnTooltipTxt\":\"Tela Cheia\",\"exitFullscreenBtnTooltipTxt\":\"Sair da tela cheia\",\"infoBtnTooltipTxt\":\"Mostrar info\",\"embedBtnTooltipTxt\":\"Levar pro seu site\",\"shareBtnTooltipTxt\":\"Compartilhar\",\"volumeTooltipTxt\":\"Volume\",\"playlistBtnClosedTooltipTxt\":\"Mostrar playlist\",\"playlistBtnOpenedTooltipTxt\":\"Esconder playlist\",\"facebookBtnTooltipTxt\":\"Compartilhar no Facebook\",\"twitterBtnTooltipTxt\":\"Compartilhar no Twitter\",\"lastBtnTooltipTxt\":\"Ir pra o \\u00faltimo v\\u00eddeo\",\"firstBtnTooltipTxt\":\"Voltar ao primeiro v\\u00eddeo\",\"nextBtnTooltipTxt\":\"Ir para o pr\\u00f3ximo v\\u00eddeo\",\"previousBtnTooltipTxt\":\"Voltar para o v\\u00eddeo anterior\",\"shuffleBtnOnTooltipTxt\":\"Embaralhar v\\u00eddeos\",\"shuffleBtnOffTooltipTxt\":\"Sair do modo embaralhar\",\"nowPlayingTooltipTxt\":\"EXIBINDO AGORA:\",\"embedWindowTitle1\":\"COMPARTILHE ESSE PLAYER:\",\"embedWindowTitle2\":\"EMBUTIR ESSE V\\u00cdDEOS NO SEU SITE:\",\"embedWindowTitle3\":\"COMPARTILHE ESSE V\\u00cdDEO:\",\"videoType\":\"YouTube playlist\",\"youtubeAPIKey\":\"AIzaSyBbpIPA4UPz4XPaOzm06b9SB7FfOusI6zU\",\"youtubePlaylistID\":\"PLiWCQ-mQCxKe0hADgPBLKJmjjuGh_Z25V\",\"action\":\"elite_save\",\"security\":\"undefined\",\"status\":\"published\",\"rootFolder\":\"https:\\\/\\\/4eversongs.com\\\/wpbox\\\/wp-content\\\/plugins\\\/Elite-video-player\\\/\"}<\/div><\/div>[\/vc_column_text][\/vc_column][\/vc_row]<\/p>\n","protected":false},"excerpt":{"rendered":"<p>[vc_row][vc_column][vc_column_text] Ol\u00e1, amigos, sejam bem-vindos! Houve um tempo, h\u00e1 d\u00e9cadas, que grandes bandas alcan\u00e7aram enorme sucesso com m\u00fasicas que s\u00e3o&hellip; <a class=\"read-more\" href=\"https:\/\/4eversongs.com\/wpbox\/player-optins-test\/\">Continue lendo<\/a><\/p>\n","protected":false},"author":1,"featured_media":0,"parent":0,"menu_order":0,"comment_status":"closed","ping_status":"closed","template":"","meta":{"footnotes":"","_links_to":"","_links_to_target":""},"class_list":["post-4515","page","type-page","status-publish","hentry"],"_links":{"self":[{"href":"https:\/\/4eversongs.com\/wpbox\/wp-json\/wp\/v2\/pages\/4515","targetHints":{"allow":["GET"]}}],"collection":[{"href":"https:\/\/4eversongs.com\/wpbox\/wp-json\/wp\/v2\/pages"}],"about":[{"href":"https:\/\/4eversongs.com\/wpbox\/wp-json\/wp\/v2\/types\/page"}],"author":[{"embeddable":true,"href":"https:\/\/4eversongs.com\/wpbox\/wp-json\/wp\/v2\/users\/1"}],"replies":[{"embeddable":true,"href":"https:\/\/4eversongs.com\/wpbox\/wp-json\/wp\/v2\/comments?post=4515"}],"version-history":[{"count":21,"href":"https:\/\/4eversongs.com\/wpbox\/wp-json\/wp\/v2\/pages\/4515\/revisions"}],"predecessor-version":[{"id":4850,"href":"https:\/\/4eversongs.com\/wpbox\/wp-json\/wp\/v2\/pages\/4515\/revisions\/4850"}],"wp:attachment":[{"href":"https:\/\/4eversongs.com\/wpbox\/wp-json\/wp\/v2\/media?parent=4515"}],"curies":[{"name":"wp","href":"https:\/\/api.w.org\/{rel}","templated":true}]}}